{"id":3,"date":"2023-06-30T01:24:45","date_gmt":"2023-06-30T01:24:45","guid":{"rendered":"https:\/\/queenshpinc.com\/?page_id=3"},"modified":"2023-07-10T18:46:10","modified_gmt":"2023-07-10T18:46:10","slug":"sobre-la-organizacion","status":"publish","type":"page","link":"https:\/\/queenshpinc.com\/index.php\/sobre-la-organizacion\/","title":{"rendered":"ORGANIZACI\u00d3N"},"content":{"rendered":"\n<p><strong>Resumen <\/strong><\/p>\n\n\n\n<p>El concepto del Desfile Hispano de Queens fue fundado en 1976, por un grupo de Comerciantes y Profesionales Hispanos, quienes se unieron bajo el nombre asumido: \u00abComit\u00e9 Pro-Desfile Hispano de Queens\u00bb. Bajo el liderazgo del Sr. Rafael Oller, cubano, y el Dr. George Balbi, argentino, el primer desfile se desarroll\u00f3 a lo largo del lado norte de Junction Boulevard, al oeste en 37th Avenue y al sur hasta 82nd Street y Roosevelt Avenue, en Jackson Heights. Junto a un ej\u00e9rcito de voluntarios y miembros de Instituciones Culturales Hispanas, el desfile se ha celebrado anualmente durante m\u00e1s de treinta a\u00f1os en conmemoraci\u00f3n del Mes Nacional de la Herencia Hispana, en el Borough of Queens, como tributo a las contribuciones de los hispanoamericanos a nuestro pa\u00eds. .<\/p>\n\n\n\n<p>En julio de 2003, los miembros del \u00abComit\u00e9 Pro-Desfile Hispano de Queens\u00bb, decidieron incorporar de conformidad con la Secci\u00f3n 402, Ley de Organizaciones sin Fines de Lucro del Estado de Nueva York, como una corporaci\u00f3n Tipo \u00abB\u00bb, a saber, \u00bb Una corporaci\u00f3n sin fines de lucro formada para cualquiera de los siguientes prop\u00f3sitos legales no comerciales: ben\u00e9ficos, educativos, religiosos, cient\u00edficos, literarios y culturales\u00bb. Bajo el liderazgo de la Sra. Ivonne Garc\u00eda y la Sra. Luz Col\u00f3n, la Junta Directiva aprob\u00f3 el uso de \u00abQueens Hispanic Parade, Inc.\u00bb como nombre corporativo. Un a\u00f1o despu\u00e9s (2004), Queens Hispanic Parade, Inc., present\u00f3 y fue aprobado, bajo la representaci\u00f3n del Sr. Ernesto Cury, CPA, el reconocimiento como una organizaci\u00f3n ben\u00e9fica p\u00fablica \u00abOrganizaci\u00f3n Exenta\u00bb de conformidad con la Secci\u00f3n 501 del C\u00f3digo de Rentas Internas ( c)(3).<\/p>\n\n\n\n<p><strong>Charlas, Talleres Sociales, Entretenimiento y Conciencia C\u00edvica:<\/strong><\/p>\n\n\n\n<p>La Organizaci\u00f3n patrocina conferencias, talleres sociales, entretenimiento cultural y reuniones de conciencia c\u00edvica en lugares locales. La Organizaci\u00f3n ha obtenido permiso para el uso gratuito de una sala de conferencias para realizar sus actividades, ubicada en Queens Elmhurst Hospital Center, un hospital comunitario de 545 camas, ubicado en 79-01 Broadway, Jackson Heights, Nueva York 11372.<\/p>\n\n\n\n<p><strong>Reclutamiento:<\/strong><\/p>\n\n\n\n<p>Aunque la Organizaci\u00f3n es una corporaci\u00f3n Tipo B, tiene una lista de calificaciones y requisitos para los voluntarios. Los siguientes son los requisitos para convertirse en miembro voluntario de Queens Hispanic Parade, Inc.:<\/p>\n\n\n\n<p>Los miembros deben tener al menos 18 a\u00f1os. Debe ser un l\u00edder comunitario representante de una organizaci\u00f3n hispana c\u00edvica, social, deportiva, art\u00edstica y cultural establecida; o, propietario de una peque\u00f1a empresa o profesional. Debe estar dispuesto a trabajar pro-bono, es decir, ofrecer su tiempo y servicios como voluntario, en beneficio del prop\u00f3sito caritativo de la Organizaci\u00f3n. Debe cumplir con los Estatutos de la Corporaci\u00f3n y otras normas y reglamentos de la Organizaci\u00f3n, seg\u00fan lo dispuesto en las Pol\u00edticas y Procedimientos Internos de la Organizaci\u00f3n. A falta de una persona calificada para desempe\u00f1ar funciones que requieran habilidades especiales, una persona de origen no hispano, sin perjuicio, podr\u00e1 convertirse en miembro \u00abad-hoc\u00bb. Debe ser una persona de buen car\u00e1cter moral y principios. No debe tener antecedentes penales.<\/p>\n\n\n\n<p>La afiliaci\u00f3n a la Organizaci\u00f3n se evidencia mediante la designaci\u00f3n de participaci\u00f3n en el certificado de constituci\u00f3n y Estatutos de la Organizaci\u00f3n.<\/p>\n\n\n\n<p>Los miembros son reclutados en los eventos culturales de la Organizaci\u00f3n donde se invita a los asistentes a presentar su inter\u00e9s en una reuni\u00f3n de seguimiento. No existen cuotas de afiliaci\u00f3n prescritas, salvo las promesas de participaci\u00f3n en la organizaci\u00f3n y realizaci\u00f3n de los eventos antes mencionados.<\/p>\n\n\n\n<p><strong>Estructura organizativa de orientaci\u00f3n y gobernanza<\/strong>:<\/p>\n\n\n\n<p>La Organizaci\u00f3n es, asesorada por su Junta Directiva, la cual se compone de no m\u00e1s de quince miembros pero no menos de cinco directores. Cada Director deber\u00e1 tener al menos 19 a\u00f1os de edad de Herencia Hispana, o tener una comprensi\u00f3n competente de las Culturas y Herencia Hispanas. La Organizaci\u00f3n es administrada por su Comit\u00e9 Ejecutivo, que incluye cinco miembros que pueden actuar como Director y Ejecutivo.<\/p>\n\n\n\n<p>El Comit\u00e9 Ejecutivo est\u00e1 compuesto por los siguientes miembros:<\/p>\n\n\n\n<p>(1) Presidente (2)&nbsp; Vicepresidente (3)&nbsp; Secretario (4) Tesorero (5) Director ejecutivo<\/p>\n\n\n\n<p>El Directorio est\u00e1 integrado por al menos cinco de los siguientes directorios:<\/p>\n\n\n\n<p>(1) Cinco miembros del Comit\u00e9 Ejecutivo mencionados anteriormente (2) Secretario de Actas (3) Tesorero Asistente (4) Director de Finanzas (5) Oficial de Relaciones P\u00fablicas (6) Secretario de Prensa (7) Presidente del Grupo de Trabajo del Desfile (8) Presidenta del Task Force del Festival (9) Presidenta del Certamen (10) Presidenta de la Embajada de Mujeres Latinoamericanas de Queens.<\/p>\n\n\n\n<p>Las siguientes personas para el Comit\u00e9 Ejecutivo (2018): <strong>President\/Presidente de la Junta Directiva: Miguel Flores, Vicepresidente\/Directora: Elide Gonzalez,\u00a0 Secretaria \/Directora: Ana Gonzalez, Tesorera\/Directora: Diana Benavente<\/strong><\/p>\n","protected":false},"excerpt":{"rendered":"<p>Resumen El concepto del Desfile Hispano de Queens fue fundado en 1976, por un grupo de Comerciantes y Profesionales Hispanos, quienes se unieron bajo el nombre asumido: \u00abComit\u00e9 Pro-Desfile Hispano de Queens\u00bb. Bajo el liderazgo del Sr. Rafael Oller, cubano, y el Dr. George Balbi, argentino, el primer desfile se desarroll\u00f3 a lo largo del [&hellip;]<\/p>\n","protected":false},"author":1,"featured_media":0,"parent":0,"menu_order":0,"comment_status":"closed","ping_status":"closed","template":"","meta":{"footnotes":""},"class_list":["post-3","page","type-page","status-publish","hentry"],"yoast_head":"<!-- This site is optimized with the Yoast SEO plugin v24.2 - https:\/\/yoast.com\/wordpress\/plugins\/seo\/ -->\n<title>ORGANIZACI\u00d3N - Queens Hispanic Parade<\/title>\n<meta name=\"description\" content=\"President\/Presidente de la Junta Directiva: Miguel Flores, Vicepresidente\/Directora: Elide Gonzalez, Secretaria \/Directora: Ana Gonzalez, Tesorera\/Directora: Diana Benavente\" \/>\n<meta name=\"robots\" content=\"index, follow, max-snippet:-1, max-image-preview:large, max-video-preview:-1\" \/>\n<link rel=\"canonical\" href=\"https:\/\/queenshpinc.com\/index.php\/sobre-la-organizacion\/\" \/>\n<meta property=\"og:locale\" content=\"es_ES\" \/>\n<meta property=\"og:type\" content=\"article\" \/>\n<meta property=\"og:title\" content=\"ORGANIZACI\u00d3N - Queens Hispanic Parade\" \/>\n<meta property=\"og:description\" content=\"President\/Presidente de la Junta Directiva: Miguel Flores, Vicepresidente\/Directora: Elide Gonzalez, Secretaria \/Directora: Ana Gonzalez, Tesorera\/Directora: Diana Benavente\" \/>\n<meta property=\"og:url\" content=\"https:\/\/queenshpinc.com\/index.php\/sobre-la-organizacion\/\" \/>\n<meta property=\"og:site_name\" content=\"Queens Hispanic Parade\" \/>\n<meta property=\"article:modified_time\" content=\"2023-07-10T18:46:10+00:00\" \/>\n<meta name=\"twitter:card\" content=\"summary_large_image\" \/>\n<meta name=\"twitter:label1\" content=\"Tiempo de lectura\" \/>\n\t<meta name=\"twitter:data1\" content=\"4 minutos\" \/>\n<script type=\"application\/ld+json\" class=\"yoast-schema-graph\">{\"@context\":\"https:\/\/schema.org\",\"@graph\":[{\"@type\":\"WebPage\",\"@id\":\"https:\/\/queenshpinc.com\/index.php\/sobre-la-organizacion\/\",\"url\":\"https:\/\/queenshpinc.com\/index.php\/sobre-la-organizacion\/\",\"name\":\"ORGANIZACI\u00d3N - Queens Hispanic Parade\",\"isPartOf\":{\"@id\":\"https:\/\/queenshpinc.com\/#website\"},\"datePublished\":\"2023-06-30T01:24:45+00:00\",\"dateModified\":\"2023-07-10T18:46:10+00:00\",\"description\":\"President\/Presidente de la Junta Directiva: Miguel Flores, Vicepresidente\/Directora: Elide Gonzalez, Secretaria \/Directora: Ana Gonzalez, Tesorera\/Directora: Diana Benavente\",\"breadcrumb\":{\"@id\":\"https:\/\/queenshpinc.com\/index.php\/sobre-la-organizacion\/#breadcrumb\"},\"inLanguage\":\"es\",\"potentialAction\":[{\"@type\":\"ReadAction\",\"target\":[\"https:\/\/queenshpinc.com\/index.php\/sobre-la-organizacion\/\"]}]},{\"@type\":\"BreadcrumbList\",\"@id\":\"https:\/\/queenshpinc.com\/index.php\/sobre-la-organizacion\/#breadcrumb\",\"itemListElement\":[{\"@type\":\"ListItem\",\"position\":1,\"name\":\"Portada\",\"item\":\"https:\/\/queenshpinc.com\/\"},{\"@type\":\"ListItem\",\"position\":2,\"name\":\"ORGANIZACI\u00d3N\"}]},{\"@type\":\"WebSite\",\"@id\":\"https:\/\/queenshpinc.com\/#website\",\"url\":\"https:\/\/queenshpinc.com\/\",\"name\":\"Queens Hispanic Parade\",\"description\":\"\",\"publisher\":{\"@id\":\"https:\/\/queenshpinc.com\/#organization\"},\"potentialAction\":[{\"@type\":\"SearchAction\",\"target\":{\"@type\":\"EntryPoint\",\"urlTemplate\":\"https:\/\/queenshpinc.com\/?s={search_term_string}\"},\"query-input\":{\"@type\":\"PropertyValueSpecification\",\"valueRequired\":true,\"valueName\":\"search_term_string\"}}],\"inLanguage\":\"es\"},{\"@type\":\"Organization\",\"@id\":\"https:\/\/queenshpinc.com\/#organization\",\"name\":\"Queens Hispanic Parade\",\"url\":\"https:\/\/queenshpinc.com\/\",\"logo\":{\"@type\":\"ImageObject\",\"inLanguage\":\"es\",\"@id\":\"https:\/\/queenshpinc.com\/#\/schema\/logo\/image\/\",\"url\":\"https:\/\/queenshpinc.com\/wp-content\/uploads\/2023\/07\/cropped-logo-2020.png\",\"contentUrl\":\"https:\/\/queenshpinc.com\/wp-content\/uploads\/2023\/07\/cropped-logo-2020.png\",\"width\":900,\"height\":764,\"caption\":\"Queens Hispanic Parade\"},\"image\":{\"@id\":\"https:\/\/queenshpinc.com\/#\/schema\/logo\/image\/\"}}]}<\/script>\n<!-- \/ Yoast SEO plugin. -->","yoast_head_json":{"title":"ORGANIZACI\u00d3N - Queens Hispanic Parade","description":"President\/Presidente de la Junta Directiva: Miguel Flores, Vicepresidente\/Directora: Elide Gonzalez, Secretaria \/Directora: Ana Gonzalez, Tesorera\/Directora: Diana Benavente","robots":{"index":"index","follow":"follow","max-snippet":"max-snippet:-1","max-image-preview":"max-image-preview:large","max-video-preview":"max-video-preview:-1"},"canonical":"https:\/\/queenshpinc.com\/index.php\/sobre-la-organizacion\/","og_locale":"es_ES","og_type":"article","og_title":"ORGANIZACI\u00d3N - Queens Hispanic Parade","og_description":"President\/Presidente de la Junta Directiva: Miguel Flores, Vicepresidente\/Directora: Elide Gonzalez, Secretaria \/Directora: Ana Gonzalez, Tesorera\/Directora: Diana Benavente","og_url":"https:\/\/queenshpinc.com\/index.php\/sobre-la-organizacion\/","og_site_name":"Queens Hispanic Parade","article_modified_time":"2023-07-10T18:46:10+00:00","twitter_card":"summary_large_image","twitter_misc":{"Tiempo de lectura":"4 minutos"},"schema":{"@context":"https:\/\/schema.org","@graph":[{"@type":"WebPage","@id":"https:\/\/queenshpinc.com\/index.php\/sobre-la-organizacion\/","url":"https:\/\/queenshpinc.com\/index.php\/sobre-la-organizacion\/","name":"ORGANIZACI\u00d3N - Queens Hispanic Parade","isPartOf":{"@id":"https:\/\/queenshpinc.com\/#website"},"datePublished":"2023-06-30T01:24:45+00:00","dateModified":"2023-07-10T18:46:10+00:00","description":"President\/Presidente de la Junta Directiva: Miguel Flores, Vicepresidente\/Directora: Elide Gonzalez, Secretaria \/Directora: Ana Gonzalez, Tesorera\/Directora: Diana Benavente","breadcrumb":{"@id":"https:\/\/queenshpinc.com\/index.php\/sobre-la-organizacion\/#breadcrumb"},"inLanguage":"es","potentialAction":[{"@type":"ReadAction","target":["https:\/\/queenshpinc.com\/index.php\/sobre-la-organizacion\/"]}]},{"@type":"BreadcrumbList","@id":"https:\/\/queenshpinc.com\/index.php\/sobre-la-organizacion\/#breadcrumb","itemListElement":[{"@type":"ListItem","position":1,"name":"Portada","item":"https:\/\/queenshpinc.com\/"},{"@type":"ListItem","position":2,"name":"ORGANIZACI\u00d3N"}]},{"@type":"WebSite","@id":"https:\/\/queenshpinc.com\/#website","url":"https:\/\/queenshpinc.com\/","name":"Queens Hispanic Parade","description":"","publisher":{"@id":"https:\/\/queenshpinc.com\/#organization"},"potentialAction":[{"@type":"SearchAction","target":{"@type":"EntryPoint","urlTemplate":"https:\/\/queenshpinc.com\/?s={search_term_string}"},"query-input":{"@type":"PropertyValueSpecification","valueRequired":true,"valueName":"search_term_string"}}],"inLanguage":"es"},{"@type":"Organization","@id":"https:\/\/queenshpinc.com\/#organization","name":"Queens Hispanic Parade","url":"https:\/\/queenshpinc.com\/","logo":{"@type":"ImageObject","inLanguage":"es","@id":"https:\/\/queenshpinc.com\/#\/schema\/logo\/image\/","url":"https:\/\/queenshpinc.com\/wp-content\/uploads\/2023\/07\/cropped-logo-2020.png","contentUrl":"https:\/\/queenshpinc.com\/wp-content\/uploads\/2023\/07\/cropped-logo-2020.png","width":900,"height":764,"caption":"Queens Hispanic Parade"},"image":{"@id":"https:\/\/queenshpinc.com\/#\/schema\/logo\/image\/"}}]}},"_links":{"self":[{"href":"https:\/\/queenshpinc.com\/index.php\/wp-json\/wp\/v2\/pages\/3","targetHints":{"allow":["GET"]}}],"collection":[{"href":"https:\/\/queenshpinc.com\/index.php\/wp-json\/wp\/v2\/pages"}],"about":[{"href":"https:\/\/queenshpinc.com\/index.php\/wp-json\/wp\/v2\/types\/page"}],"author":[{"embeddable":true,"href":"https:\/\/queenshpinc.com\/index.php\/wp-json\/wp\/v2\/users\/1"}],"replies":[{"embeddable":true,"href":"https:\/\/queenshpinc.com\/index.php\/wp-json\/wp\/v2\/comments?post=3"}],"version-history":[{"count":2,"href":"https:\/\/queenshpinc.com\/index.php\/wp-json\/wp\/v2\/pages\/3\/revisions"}],"predecessor-version":[{"id":76,"href":"https:\/\/queenshpinc.com\/index.php\/wp-json\/wp\/v2\/pages\/3\/revisions\/76"}],"wp:attachment":[{"href":"https:\/\/queenshpinc.com\/index.php\/wp-json\/wp\/v2\/media?parent=3"}],"curies":[{"name":"wp","href":"https:\/\/api.w.org\/{rel}","templated":true}]}}